{"id":213,"date":"2025-08-08T05:28:17","date_gmt":"2025-08-08T05:28:17","guid":{"rendered":"https:\/\/sti.co.cr\/?page_id=213"},"modified":"2025-08-09T02:02:49","modified_gmt":"2025-08-09T02:02:49","slug":"servicios","status":"publish","type":"page","link":"https:\/\/sti.co.cr\/?page_id=213","title":{"rendered":"Nosotros"},"content":{"rendered":"\t\t<div data-elementor-type=\"wp-page\" data-elementor-id=\"213\" class=\"elementor elementor-213\">\n\t\t\t\t<div class=\"elementor-element elementor-element-817eecc e-con-full e-flex e-con e-parent\" data-id=\"817eecc\" data-element_type=\"container\" data-settings=\"{&quot;background_background&quot;:&quot;classic&quot;}\">\n\t\t\t\t<div class=\"elementor-element elementor-element-7521074 elementor-widget elementor-widget-image\" data-id=\"7521074\" data-element_type=\"widget\" data-widget_type=\"image.default\">\n\t\t\t\t\t\t\t\t\t\t\t\t\t\t\t<img fetchpriority=\"high\" decoding=\"async\" width=\"640\" height=\"213\" src=\"https:\/\/sti.co.cr\/wp-content\/uploads\/2025\/08\/fondo-de-cuadricula-digital-futurista-azul-oscuro-degradado-1024x341.jpg\" class=\"attachment-large size-large wp-image-416\" alt=\"IMG2\" srcset=\"https:\/\/sti.co.cr\/wp-content\/uploads\/2025\/08\/fondo-de-cuadricula-digital-futurista-azul-oscuro-degradado-1024x341.jpg 1024w, https:\/\/sti.co.cr\/wp-content\/uploads\/2025\/08\/fondo-de-cuadricula-digital-futurista-azul-oscuro-degradado-300x100.jpg 300w, https:\/\/sti.co.cr\/wp-content\/uploads\/2025\/08\/fondo-de-cuadricula-digital-futurista-azul-oscuro-degradado-768x256.jpg 768w, https:\/\/sti.co.cr\/wp-content\/uploads\/2025\/08\/fondo-de-cuadricula-digital-futurista-azul-oscuro-degradado-1536x512.jpg 1536w, https:\/\/sti.co.cr\/wp-content\/uploads\/2025\/08\/fondo-de-cuadricula-digital-futurista-azul-oscuro-degradado-2048x683.jpg 2048w\" sizes=\"(max-width: 640px) 100vw, 640px\" \/>\t\t\t\t\t\t\t\t\t\t\t\t\t\t\t<\/div>\n\t\t\t\t<\/div>\n\t\t<div class=\"elementor-element elementor-element-774bfc3 e-flex e-con-boxed elementor-invisible e-con e-parent\" data-id=\"774bfc3\" data-element_type=\"container\" data-settings=\"{&quot;animation&quot;:&quot;fadeInLeft&quot;}\">\n\t\t\t\t\t<div class=\"e-con-inner\">\n\t\t<div class=\"elementor-element elementor-element-1759b7a e-con-full e-flex e-con e-child\" data-id=\"1759b7a\" data-element_type=\"container\">\n\t\t\t\t<div class=\"elementor-element elementor-element-67cedac elementor-widget-divider--view-line elementor-widget elementor-widget-divider\" data-id=\"67cedac\" data-element_type=\"widget\" data-widget_type=\"divider.default\">\n\t\t\t\t\t\t\t<div class=\"elementor-divider\">\n\t\t\t<span class=\"elementor-divider-separator\">\n\t\t\t\t\t\t<\/span>\n\t\t<\/div>\n\t\t\t\t\t\t<\/div>\n\t\t\t\t<\/div>\n\t\t<div class=\"elementor-element elementor-element-fe62cdf e-con-full e-flex elementor-invisible e-con e-child\" data-id=\"fe62cdf\" data-element_type=\"container\" data-settings=\"{&quot;animation&quot;:&quot;fadeInRight&quot;}\">\n\t\t<div class=\"elementor-element elementor-element-aa0faa8 e-grid e-con-boxed e-con e-child\" data-id=\"aa0faa8\" data-element_type=\"container\">\n\t\t\t\t\t<div class=\"e-con-inner\">\n\t\t\t\t<div class=\"elementor-element elementor-element-cede573 elementor-widget elementor-widget-image\" data-id=\"cede573\" data-element_type=\"widget\" data-widget_type=\"image.default\">\n\t\t\t\t\t\t\t\t\t\t\t\t\t\t\t<img decoding=\"async\" width=\"300\" height=\"300\" src=\"https:\/\/sti.co.cr\/wp-content\/uploads\/2025\/08\/Diego.png\" class=\"attachment-medium size-medium wp-image-68\" alt=\"Diego Gamboa\" srcset=\"https:\/\/sti.co.cr\/wp-content\/uploads\/2025\/08\/Diego.png 300w, https:\/\/sti.co.cr\/wp-content\/uploads\/2025\/08\/Diego-150x150.png 150w\" sizes=\"(max-width: 300px) 100vw, 300px\" \/>\t\t\t\t\t\t\t\t\t\t\t\t\t\t\t<\/div>\n\t\t<div class=\"elementor-element elementor-element-7353902 e-con-full e-flex e-con e-child\" data-id=\"7353902\" data-element_type=\"container\">\n\t\t\t\t<div class=\"elementor-element elementor-element-9bb35e4 e-transform elementor-invisible elementor-widget elementor-widget-heading\" data-id=\"9bb35e4\" data-element_type=\"widget\" data-settings=\"{&quot;_animation&quot;:&quot;fadeIn&quot;,&quot;_transform_skewX_effect&quot;:{&quot;unit&quot;:&quot;px&quot;,&quot;size&quot;:&quot;&quot;,&quot;sizes&quot;:[]},&quot;_transform_skewX_effect_tablet&quot;:{&quot;unit&quot;:&quot;deg&quot;,&quot;size&quot;:&quot;&quot;,&quot;sizes&quot;:[]},&quot;_transform_skewX_effect_mobile&quot;:{&quot;unit&quot;:&quot;deg&quot;,&quot;size&quot;:&quot;&quot;,&quot;sizes&quot;:[]},&quot;_transform_skewY_effect&quot;:{&quot;unit&quot;:&quot;px&quot;,&quot;size&quot;:&quot;&quot;,&quot;sizes&quot;:[]},&quot;_transform_skewY_effect_tablet&quot;:{&quot;unit&quot;:&quot;deg&quot;,&quot;size&quot;:&quot;&quot;,&quot;sizes&quot;:[]},&quot;_transform_skewY_effect_mobile&quot;:{&quot;unit&quot;:&quot;deg&quot;,&quot;size&quot;:&quot;&quot;,&quot;sizes&quot;:[]}}\" data-widget_type=\"heading.default\">\n\t\t\t\t\t<h2 class=\"elementor-heading-title elementor-size-default\">Ing. Diego A. Gamboa Quesada<\/h2>\t\t\t\t<\/div>\n\t\t\t\t<div class=\"elementor-element elementor-element-8ab544c elementor-widget elementor-widget-text-editor\" data-id=\"8ab544c\" data-element_type=\"widget\" data-widget_type=\"text-editor.default\">\n\t\t\t\t\t\t\t\t\t<p>Profesional con m\u00e1s de 10 a\u00f1os de experiencia en ingenier\u00eda y operaciones, especializado en la gesti\u00f3n estrat\u00e9gica de tecnolog\u00eda de la informaci\u00f3n. Ha liderado con \u00e9xito \u00e1reas de TI, proyectos tecnol\u00f3gicos y servicios, destac\u00e1ndose por su capacidad para dirigir equipos, implementar est\u00e1ndares internacionales y optimizar procesos. Su enfoque orientado a resultados, el liderazgo efectivo y la habilidad para comunicarse con diversos p\u00fablicos, tanto t\u00e9cnicos como no t\u00e9cnicos, lo convierten en un referente en la transformaci\u00f3n tecnol\u00f3gica.<\/p>\t\t\t\t\t\t\t\t<\/div>\n\t\t\t\t<\/div>\n\t\t\t\t\t<\/div>\n\t\t\t\t<\/div>\n\t\t\t\t<\/div>\n\t\t\t\t<div class=\"elementor-element elementor-element-4a0f1fe elementor-widget-divider--view-line elementor-widget elementor-widget-divider\" data-id=\"4a0f1fe\" data-element_type=\"widget\" data-widget_type=\"divider.default\">\n\t\t\t\t\t\t\t<div class=\"elementor-divider\">\n\t\t\t<span class=\"elementor-divider-separator\">\n\t\t\t\t\t\t<\/span>\n\t\t<\/div>\n\t\t\t\t\t\t<\/div>\n\t\t<div class=\"elementor-element elementor-element-fd8d1cb e-con-full e-flex elementor-invisible e-con e-child\" data-id=\"fd8d1cb\" data-element_type=\"container\" data-settings=\"{&quot;animation&quot;:&quot;fadeInLeft&quot;}\">\n\t\t<div class=\"elementor-element elementor-element-c6633d9 e-grid e-con-boxed e-con e-child\" data-id=\"c6633d9\" data-element_type=\"container\">\n\t\t\t\t\t<div class=\"e-con-inner\">\n\t\t\t\t<div class=\"elementor-element elementor-element-39596e7 elementor-widget elementor-widget-image\" data-id=\"39596e7\" data-element_type=\"widget\" data-widget_type=\"image.default\">\n\t\t\t\t\t\t\t\t\t\t\t\t\t\t\t<img decoding=\"async\" width=\"300\" height=\"300\" src=\"https:\/\/sti.co.cr\/wp-content\/uploads\/2025\/08\/Jorge-SF-300x300.png\" class=\"attachment-medium size-medium wp-image-196\" alt=\"Jorge Murillo\" srcset=\"https:\/\/sti.co.cr\/wp-content\/uploads\/2025\/08\/Jorge-SF-300x300.png 300w, https:\/\/sti.co.cr\/wp-content\/uploads\/2025\/08\/Jorge-SF-1024x1024.png 1024w, https:\/\/sti.co.cr\/wp-content\/uploads\/2025\/08\/Jorge-SF-150x150.png 150w, https:\/\/sti.co.cr\/wp-content\/uploads\/2025\/08\/Jorge-SF-768x768.png 768w, https:\/\/sti.co.cr\/wp-content\/uploads\/2025\/08\/Jorge-SF.png 1080w\" sizes=\"(max-width: 300px) 100vw, 300px\" \/>\t\t\t\t\t\t\t\t\t\t\t\t\t\t\t<\/div>\n\t\t<div class=\"elementor-element elementor-element-c66c9ff e-con-full e-flex e-con e-child\" data-id=\"c66c9ff\" data-element_type=\"container\">\n\t\t\t\t<div class=\"elementor-element elementor-element-2812cc6 elementor-invisible elementor-widget elementor-widget-heading\" data-id=\"2812cc6\" data-element_type=\"widget\" data-settings=\"{&quot;_animation&quot;:&quot;fadeIn&quot;}\" data-widget_type=\"heading.default\">\n\t\t\t\t\t<h2 class=\"elementor-heading-title elementor-size-default\">Ing. Jorge L. Murillo Morales<\/h2>\t\t\t\t<\/div>\n\t\t\t\t<div class=\"elementor-element elementor-element-745a96c elementor-widget elementor-widget-text-editor\" data-id=\"745a96c\" data-element_type=\"widget\" data-widget_type=\"text-editor.default\">\n\t\t\t\t\t\t\t\t\t<p>Ingeniero en Sistemas con m\u00e1s de cuatro a\u00f1os de experiencia en desarrollo web. A lo largo de su carrera ha trabajado en la creaci\u00f3n, mantenimiento y optimizaci\u00f3n de sitios web utilizando CMS como WordPress, Joomla y Drupal, as\u00ed como tecnolog\u00edas modernas como HTML5, CSS3, JavaScript, PHP y frameworks como Bootstrap y UIkit. Posee conocimientos s\u00f3lidos en bases de datos (MySQL, SQL Server), control de versiones con Git y GitHub, y en metodolog\u00edas \u00e1giles como Scrum. Se caracteriza por su compromiso con la mejora continua, su capacidad de aprendizaje autodidacta y su enfoque en la calidad del c\u00f3digo, la seguridad y la experiencia del usuario.<\/p>\t\t\t\t\t\t\t\t<\/div>\n\t\t\t\t<\/div>\n\t\t\t\t\t<\/div>\n\t\t\t\t<\/div>\n\t\t\t\t<\/div>\n\t\t\t\t\t<\/div>\n\t\t\t\t<\/div>\n\t\t<div class=\"elementor-element elementor-element-99dbd83 e-flex e-con-boxed elementor-invisible e-con e-parent\" data-id=\"99dbd83\" data-element_type=\"container\" data-settings=\"{&quot;animation&quot;:&quot;fadeInRight&quot;}\">\n\t\t\t\t\t<div class=\"e-con-inner\">\n\t\t\t\t<div class=\"elementor-element elementor-element-d234a65 elementor-widget-divider--view-line elementor-widget elementor-widget-divider\" data-id=\"d234a65\" data-element_type=\"widget\" data-widget_type=\"divider.default\">\n\t\t\t\t\t\t\t<div class=\"elementor-divider\">\n\t\t\t<span class=\"elementor-divider-separator\">\n\t\t\t\t\t\t<\/span>\n\t\t<\/div>\n\t\t\t\t\t\t<\/div>\n\t\t<div class=\"elementor-element elementor-element-b30bfc8 e-con-full e-flex elementor-invisible e-con e-child\" data-id=\"b30bfc8\" data-element_type=\"container\" data-settings=\"{&quot;animation&quot;:&quot;fadeInLeft&quot;}\">\n\t\t<div class=\"elementor-element elementor-element-8d5066c e-grid e-con-boxed e-con e-child\" data-id=\"8d5066c\" data-element_type=\"container\">\n\t\t\t\t\t<div class=\"e-con-inner\">\n\t\t<div class=\"elementor-element elementor-element-b5261d1 e-con-full e-flex e-con e-child\" data-id=\"b5261d1\" data-element_type=\"container\">\n\t\t\t\t<div class=\"elementor-element elementor-element-1049aa5 elementor-widget elementor-widget-image\" data-id=\"1049aa5\" data-element_type=\"widget\" data-widget_type=\"image.default\">\n\t\t\t\t\t\t\t\t\t\t\t\t\t\t\t<img loading=\"lazy\" decoding=\"async\" width=\"300\" height=\"300\" src=\"https:\/\/sti.co.cr\/wp-content\/uploads\/2025\/08\/Marco-SF-300x300.png\" class=\"attachment-medium size-medium wp-image-197\" alt=\"Marco Gamboa\" srcset=\"https:\/\/sti.co.cr\/wp-content\/uploads\/2025\/08\/Marco-SF-300x300.png 300w, https:\/\/sti.co.cr\/wp-content\/uploads\/2025\/08\/Marco-SF-1024x1024.png 1024w, https:\/\/sti.co.cr\/wp-content\/uploads\/2025\/08\/Marco-SF-150x150.png 150w, https:\/\/sti.co.cr\/wp-content\/uploads\/2025\/08\/Marco-SF-768x768.png 768w, https:\/\/sti.co.cr\/wp-content\/uploads\/2025\/08\/Marco-SF.png 1080w\" sizes=\"(max-width: 300px) 100vw, 300px\" \/>\t\t\t\t\t\t\t\t\t\t\t\t\t\t\t<\/div>\n\t\t\t\t<\/div>\n\t\t<div class=\"elementor-element elementor-element-b10d782 e-con-full e-flex e-con e-child\" data-id=\"b10d782\" data-element_type=\"container\">\n\t\t\t\t<div class=\"elementor-element elementor-element-ab3ec01 elementor-invisible elementor-widget elementor-widget-heading\" data-id=\"ab3ec01\" data-element_type=\"widget\" data-settings=\"{&quot;_animation&quot;:&quot;fadeIn&quot;}\" data-widget_type=\"heading.default\">\n\t\t\t\t\t<h2 class=\"elementor-heading-title elementor-size-default\">T\u00e9c. Marco A. Gamboa Quesada<\/h2>\t\t\t\t<\/div>\n\t\t\t\t<div class=\"elementor-element elementor-element-e78931f elementor-widget elementor-widget-text-editor\" data-id=\"e78931f\" data-element_type=\"widget\" data-widget_type=\"text-editor.default\">\n\t\t\t\t\t\t\t\t\t<p>T\u00e9cnico en electricidad e inform\u00e1tica con m\u00e1s de 10 a\u00f1os de experiencia en el campo tecnol\u00f3gico, especializado en el soporte, mantenimiento y reparaci\u00f3n de equipos. A lo largo de su trayectoria ha demostrado una s\u00f3lida capacidad para diagnosticar y resolver fallas t\u00e9cnicas, optimizando el rendimiento de sistemas y equipos inform\u00e1ticos. Adem\u00e1s, posee amplia experiencia en la instalaci\u00f3n y mantenimiento de cableado estructurado, trabajando bajo est\u00e1ndares y normativas internacionales que garantizan la eficiencia y seguridad de las infraestructuras tecnol\u00f3gicas. Su formaci\u00f3n integral y enfoque orientado a resultados le permiten ofrecer soluciones confiables y de alta calidad en entornos corporativos, industriales y residenciales.<\/p>\t\t\t\t\t\t\t\t<\/div>\n\t\t\t\t<\/div>\n\t\t\t\t\t<\/div>\n\t\t\t\t<\/div>\n\t\t\t\t<\/div>\n\t\t\t\t\t<\/div>\n\t\t\t\t<\/div>\n\t\t<div class=\"elementor-element elementor-element-bcfb7d8 e-con-full e-flex e-con e-parent\" data-id=\"bcfb7d8\" data-element_type=\"container\" data-settings=\"{&quot;background_background&quot;:&quot;classic&quot;}\">\n\t\t\t\t<div class=\"elementor-element elementor-element-c8a6a5d elementor-widget elementor-widget-image\" data-id=\"c8a6a5d\" data-element_type=\"widget\" data-widget_type=\"image.default\">\n\t\t\t\t\t\t\t\t\t\t\t\t\t\t\t<img fetchpriority=\"high\" decoding=\"async\" width=\"640\" height=\"213\" src=\"https:\/\/sti.co.cr\/wp-content\/uploads\/2025\/08\/fondo-de-cuadricula-digital-futurista-azul-oscuro-degradado-1024x341.jpg\" class=\"attachment-large size-large wp-image-416\" alt=\"IMG2\" srcset=\"https:\/\/sti.co.cr\/wp-content\/uploads\/2025\/08\/fondo-de-cuadricula-digital-futurista-azul-oscuro-degradado-1024x341.jpg 1024w, https:\/\/sti.co.cr\/wp-content\/uploads\/2025\/08\/fondo-de-cuadricula-digital-futurista-azul-oscuro-degradado-300x100.jpg 300w, https:\/\/sti.co.cr\/wp-content\/uploads\/2025\/08\/fondo-de-cuadricula-digital-futurista-azul-oscuro-degradado-768x256.jpg 768w, https:\/\/sti.co.cr\/wp-content\/uploads\/2025\/08\/fondo-de-cuadricula-digital-futurista-azul-oscuro-degradado-1536x512.jpg 1536w, https:\/\/sti.co.cr\/wp-content\/uploads\/2025\/08\/fondo-de-cuadricula-digital-futurista-azul-oscuro-degradado-2048x683.jpg 2048w\" sizes=\"(max-width: 640px) 100vw, 640px\" \/>\t\t\t\t\t\t\t\t\t\t\t\t\t\t\t<\/div>\n\t\t\t\t<\/div>\n\t\t\t\t<\/div>\n\t\t","protected":false},"excerpt":{"rendered":"<p>Ing. Diego A. Gamboa Quesada Profesional con m\u00e1s de 10 a\u00f1os de experiencia en ingenier\u00eda y operaciones, especializado en la gesti\u00f3n estrat\u00e9gica de tecnolog\u00eda de la informaci\u00f3n. Ha liderado con \u00e9xito \u00e1reas de TI, proyectos tecnol\u00f3gicos y servicios, destac\u00e1ndose por su capacidad para dirigir equipos, implementar est\u00e1ndares internacionales y optimizar procesos. Su enfoque orientado a [&hellip;]<\/p>\n","protected":false},"author":1,"featured_media":0,"parent":0,"menu_order":0,"comment_status":"closed","ping_status":"closed","template":"","meta":{"footnotes":""},"class_list":["post-213","page","type-page","status-publish","hentry"],"_links":{"self":[{"href":"https:\/\/sti.co.cr\/index.php?rest_route=\/wp\/v2\/pages\/213","targetHints":{"allow":["GET"]}}],"collection":[{"href":"https:\/\/sti.co.cr\/index.php?rest_route=\/wp\/v2\/pages"}],"about":[{"href":"https:\/\/sti.co.cr\/index.php?rest_route=\/wp\/v2\/types\/page"}],"author":[{"embeddable":true,"href":"https:\/\/sti.co.cr\/index.php?rest_route=\/wp\/v2\/users\/1"}],"replies":[{"embeddable":true,"href":"https:\/\/sti.co.cr\/index.php?rest_route=%2Fwp%2Fv2%2Fcomments&post=213"}],"version-history":[{"count":88,"href":"https:\/\/sti.co.cr\/index.php?rest_route=\/wp\/v2\/pages\/213\/revisions"}],"predecessor-version":[{"id":437,"href":"https:\/\/sti.co.cr\/index.php?rest_route=\/wp\/v2\/pages\/213\/revisions\/437"}],"wp:attachment":[{"href":"https:\/\/sti.co.cr\/index.php?rest_route=%2Fwp%2Fv2%2Fmedia&parent=213"}],"curies":[{"name":"wp","href":"https:\/\/api.w.org\/{rel}","templated":true}]}}